{"id":1186,"date":"2025-11-21T12:05:54","date_gmt":"2025-11-21T12:05:54","guid":{"rendered":"https:\/\/rckrb.hr\/new2\/?page_id=1186"},"modified":"2025-11-21T12:05:54","modified_gmt":"2025-11-21T12:05:54","slug":"vauceri-za-obrazovanje","status":"publish","type":"page","link":"https:\/\/rckrb.hr\/new2\/vauceri-za-obrazovanje\/","title":{"rendered":"Vau\u010deri za obrazovanje"},"content":{"rendered":"\t\t<div data-elementor-type=\"wp-page\" data-elementor-id=\"1186\" class=\"elementor elementor-1186\">\n\t\t\t\t\t\t<section class=\"elementor-section elementor-top-section elementor-element elementor-element-3a4f145 elementor-section-boxed elementor-section-height-default elementor-section-height-default\" data-id=\"3a4f145\" data-element_type=\"section\" data-settings=\"{&quot;jet_parallax_layout_list&quot;:[]}\">\n\t\t\t\t\t\t<div class=\"elementor-container elementor-column-gap-default\">\n\t\t\t\t\t<div class=\"elementor-column elementor-col-100 elementor-top-column elementor-element elementor-element-80c2345\" data-id=\"80c2345\" data-element_type=\"column\">\n\t\t\t<div class=\"elementor-widget-wrap elementor-element-populated\">\n\t\t\t\t\t\t<section class=\"elementor-section elementor-inner-section elementor-element elementor-element-88c2168 elementor-section-content-top elementor-reverse-mobile elementor-section-full_width elementor-section-height-default elementor-section-height-default\" data-id=\"88c2168\" data-element_type=\"section\" data-settings=\"{&quot;jet_parallax_layout_list&quot;:[{&quot;_id&quot;:&quot;90b934f&quot;,&quot;jet_parallax_layout_image&quot;:{&quot;url&quot;:&quot;&quot;,&quot;id&quot;:&quot;&quot;,&quot;size&quot;:&quot;&quot;},&quot;jet_parallax_layout_image_tablet&quot;:{&quot;url&quot;:&quot;&quot;,&quot;id&quot;:&quot;&quot;,&quot;size&quot;:&quot;&quot;},&quot;jet_parallax_layout_image_mobile&quot;:{&quot;url&quot;:&quot;&quot;,&quot;id&quot;:&quot;&quot;,&quot;size&quot;:&quot;&quot;},&quot;jet_parallax_layout_speed&quot;:{&quot;unit&quot;:&quot;%&quot;,&quot;size&quot;:50,&quot;sizes&quot;:[]},&quot;jet_parallax_layout_type&quot;:&quot;scroll&quot;,&quot;jet_parallax_layout_direction&quot;:null,&quot;jet_parallax_layout_fx_direction&quot;:null,&quot;jet_parallax_layout_z_index&quot;:&quot;&quot;,&quot;jet_parallax_layout_bg_x&quot;:50,&quot;jet_parallax_layout_bg_x_tablet&quot;:&quot;&quot;,&quot;jet_parallax_layout_bg_x_mobile&quot;:&quot;&quot;,&quot;jet_parallax_layout_bg_y&quot;:50,&quot;jet_parallax_layout_bg_y_tablet&quot;:&quot;&quot;,&quot;jet_parallax_layout_bg_y_mobile&quot;:&quot;&quot;,&quot;jet_parallax_layout_bg_size&quot;:&quot;auto&quot;,&quot;jet_parallax_layout_bg_size_tablet&quot;:&quot;&quot;,&quot;jet_parallax_layout_bg_size_mobile&quot;:&quot;&quot;,&quot;jet_parallax_layout_animation_prop&quot;:&quot;transform&quot;,&quot;jet_parallax_layout_on&quot;:[&quot;desktop&quot;,&quot;tablet&quot;]}]}\">\n\t\t\t\t\t\t<div class=\"elementor-container elementor-column-gap-default\">\n\t\t\t\t\t<div class=\"elementor-column elementor-col-50 elementor-inner-column elementor-element elementor-element-0834660\" data-id=\"0834660\" data-element_type=\"column\">\n\t\t\t<div class=\"elementor-widget-wrap elementor-element-populated\">\n\t\t\t\t\t\t<div class=\"elementor-element elementor-element-f811fef elementor-widget elementor-widget-heading\" data-id=\"f811fef\" data-element_type=\"widget\" data-widget_type=\"heading.default\">\n\t\t\t\t<div class=\"elementor-widget-container\">\n\t\t\t<h1 class=\"elementor-heading-title elementor-size-default\">Regionalni centar kompetentnosti Ru\u0111er Bo\u0161kovi\u0107<\/h1>\t\t<\/div>\n\t\t\t\t<\/div>\n\t\t\t\t<div class=\"elementor-element elementor-element-a2d3a6a elementor-widget elementor-widget-jet-headline\" data-id=\"a2d3a6a\" data-element_type=\"widget\" data-widget_type=\"jet-headline.default\">\n\t\t\t\t<div class=\"elementor-widget-container\">\n\t\t\t<h2 class=\"jet-headline jet-headline--direction-horizontal\"><span class=\"jet-headline__part jet-headline__second\"><span class=\"jet-headline__label\">Vau\u010deri za obrazovanje<\/span><\/span><\/h2>\t\t<\/div>\n\t\t\t\t<\/div>\n\t\t\t\t<div class=\"elementor-element elementor-element-36650ed elementor-widget-divider--view-line elementor-widget elementor-widget-divider\" data-id=\"36650ed\" data-element_type=\"widget\" data-widget_type=\"divider.default\">\n\t\t\t\t<div class=\"elementor-widget-container\">\n\t\t\t\t\t<div class=\"elementor-divider\">\n\t\t\t<span class=\"elementor-divider-separator\">\n\t\t\t\t\t\t<\/span>\n\t\t<\/div>\n\t\t\t\t<\/div>\n\t\t\t\t<\/div>\n\t\t\t\t\t<\/div>\n\t\t<\/div>\n\t\t\t\t<div class=\"elementor-column elementor-col-50 elementor-inner-column elementor-element elementor-element-fb6cb4d\" data-id=\"fb6cb4d\" data-element_type=\"column\">\n\t\t\t<div class=\"elementor-widget-wrap elementor-element-populated\">\n\t\t\t\t\t\t<div class=\"elementor-element elementor-element-dffe882 elementor-shape-circle e-grid-align-right elementor-widget__width-inherit e-grid-align-mobile-left elementor-widget-mobile__width-inherit elementor-grid-0 elementor-widget elementor-widget-social-icons\" data-id=\"dffe882\" data-element_type=\"widget\" data-widget_type=\"social-icons.default\">\n\t\t\t\t<div class=\"elementor-widget-container\">\n\t\t\t\t\t<div class=\"elementor-social-icons-wrapper elementor-grid\">\n\t\t\t\t\t\t\t<span class=\"elementor-grid-item\">\n\t\t\t\t\t<a class=\"elementor-icon elementor-social-icon elementor-social-icon-linkedin-in elementor-repeater-item-7914b83\" href=\"#\" target=\"_blank\">\n\t\t\t\t\t\t<span class=\"elementor-screen-only\">Linkedin-in<\/span>\n\t\t\t\t\t\t<i class=\"fab fa-linkedin-in\"><\/i>\t\t\t\t\t<\/a>\n\t\t\t\t<\/span>\n\t\t\t\t\t\t\t<span class=\"elementor-grid-item\">\n\t\t\t\t\t<a class=\"elementor-icon elementor-social-icon elementor-social-icon-twitter elementor-repeater-item-1faa3c0\" href=\"#\" target=\"_blank\">\n\t\t\t\t\t\t<span class=\"elementor-screen-only\">Twitter<\/span>\n\t\t\t\t\t\t<i class=\"fab fa-twitter\"><\/i>\t\t\t\t\t<\/a>\n\t\t\t\t<\/span>\n\t\t\t\t\t\t\t<span class=\"elementor-grid-item\">\n\t\t\t\t\t<a class=\"elementor-icon elementor-social-icon elementor-social-icon-facebook-f elementor-repeater-item-f423952\" href=\"#\" target=\"_blank\">\n\t\t\t\t\t\t<span class=\"elementor-screen-only\">Facebook-f<\/span>\n\t\t\t\t\t\t<i class=\"fab fa-facebook-f\"><\/i>\t\t\t\t\t<\/a>\n\t\t\t\t<\/span>\n\t\t\t\t\t\t\t<span class=\"elementor-grid-item\">\n\t\t\t\t\t<a class=\"elementor-icon elementor-social-icon elementor-social-icon-google-plus-g elementor-repeater-item-9cdb1ad\" href=\"#\" target=\"_blank\">\n\t\t\t\t\t\t<span class=\"elementor-screen-only\">Google-plus-g<\/span>\n\t\t\t\t\t\t<i class=\"fab fa-google-plus-g\"><\/i>\t\t\t\t\t<\/a>\n\t\t\t\t<\/span>\n\t\t\t\t\t\t\t<span class=\"elementor-grid-item\">\n\t\t\t\t\t<a class=\"elementor-icon elementor-social-icon elementor-social-icon-medium elementor-repeater-item-ba0c34a\" href=\"#\" target=\"_blank\">\n\t\t\t\t\t\t<span class=\"elementor-screen-only\">Medium<\/span>\n\t\t\t\t\t\t<i class=\"fab fa-medium\"><\/i>\t\t\t\t\t<\/a>\n\t\t\t\t<\/span>\n\t\t\t\t\t<\/div>\n\t\t\t\t<\/div>\n\t\t\t\t<\/div>\n\t\t\t\t\t<\/div>\n\t\t<\/div>\n\t\t\t\t\t<\/div>\n\t\t<\/section>\n\t\t\t\t<div class=\"elementor-element elementor-element-44a69cc elementor-widget elementor-widget-text-editor\" data-id=\"44a69cc\" data-element_type=\"widget\" data-widget_type=\"text-editor.default\">\n\t\t\t\t<div class=\"elementor-widget-container\">\n\t\t\t\t\t\t\t<h3>\u0160to su vau\u010deri za obrazovanje?<\/h3><p>Vau\u010der predstavlja financijski instrument dodjele javnih sredstava za obrazovanje odraslih. Korisnik sam bira obrazovni program i pru\u017eatelja obrazovanja.<br \/>Tro\u0161ak programa obrazovanja u iznosu odobrenog vau\u010dera ispla\u0107uje se izravno odabranom pru\u017eatelju usluge obrazovanja.<br \/>Programi obrazovanja za stjecanje kompetencija potrebnih za rad do uklju\u010divo 5. razine Hrvatskog kvalifikacijskog okvira (u daljnjem tekstu: HKO) <strong>mogu trajati najdulje do 10 mjeseci<\/strong>.<\/p><h3>Tko sve mo\u017ee koristiti vau\u010der za obrazovanje?<\/h3><p>Vau\u010dere mogu koristiti sve nezaposlene i zaposlene osobe s navr\u0161enih 15 godina \u017eivota kojima se dodjelom vau\u010dera osigurava stjecanje potrebnih vje\u0161tina za razvoj karijere, zapo\u0161ljavanje ili zadr\u017eavanje radnog mjesta.<\/p><p>Korisnik vau\u010dera <strong>ne mo\u017ee<\/strong> biti:<\/p><ul><li>osoba koja se nalazi u sustavu redovitog odgoja i obrazovanja (u\u010denik)<\/li><li>osoba koja se nalazi u sustavu visokog obrazovanja i znanosti (student, uklju\u010duju\u0107i izvanredne studente i polaznike poslijediplomskih studija)<\/li><li>osoba koja je korisnik mirovine prema op\u0107em propisu kojim se ure\u0111uje mirovinsko osiguranje, osim korisnika mirovine koji ostvari pravo na invalidsku mirovinu zbog profesionalne nesposobnosti za rad, odnosno korisnika mirovine koji ostvari pravo na invalidsku mirovinu zbog djelomi\u010dnog gubitka radne sposobnosti i korisnika obiteljske mirovine kojemu se ta mirovina ne ispla\u0107uje te korisnika mirovine prema op\u0107em propisu kojim se ure\u0111uje mirovinsko osiguranje koji rade uz primanje mirovine, uz uvjet da je program obrazovanja isklju\u010divo povezan s njihovim radnim mjestom<\/li><li>osoba strani radnik iz tre\u0107ih zemalja koja radi na podru\u010dju Republike Hrvatske na temelju izdane dozvole za boravak i rad ili potvrde o prijavi rada, osim u svrhu uklju\u010divanja u program u\u010denja hrvatskog kao stranog jezika<\/li><li>osoba koja je zaposlenik dr\u017eavne ili javne slu\u017ebe, a sudjeluje u provedbi obrazovanja putem sustava vau\u010dera<\/li><\/ul><h3>Kako do vau\u010dera u 4 koraka<\/h3><ol><li>Informirajte se o dostupnim programima\/mikrokvalifikacijama na na\u0161oj mre\u017enoj stranici <a href=\"https:\/\/rckrb.hr\/new2\/mikrokvalifikacije\/\"><strong>Mikrokvalifikacije<\/strong><\/a><\/li><li>Odaberite program koji vas zanima iz na\u0161e ponude i obratite nam se za podr\u0161ku<\/li><li>Kontaktirajte nas i zatra\u017eite ponudu za odabrani program obrazovanja\/mikrokvalifikaciju na e-mail: <a href=\"mailto:kvalifikacije@tsrb.hr\">kvalifikacije@tsrb.hr<\/a>.<\/li><li>Podnesite zahtjev za vau\u010der na stranici HZZ-a: <a href=\"https:\/\/vauceri.hzz.hr\/vauceri-besplatno-stjecanje-vjestina\/\" target=\"_blank\" rel=\"noopener\">https:\/\/vauceri.hzz.hr\/vauceri-besplatno-stjecanje-vjestina\/<\/a><\/li><\/ol>\t\t\t\t\t\t<\/div>\n\t\t\t\t<\/div>\n\t\t\t\t\t<\/div>\n\t\t<\/div>\n\t\t\t\t\t<\/div>\n\t\t<\/section>\n\t\t\t\t<section class=\"elementor-section elementor-top-section elementor-element elementor-element-4481fc8 elementor-section-boxed elementor-section-height-default elementor-section-height-default\" data-id=\"4481fc8\" data-element_type=\"section\" data-settings=\"{&quot;jet_parallax_layout_list&quot;:[]}\">\n\t\t\t\t\t\t<div class=\"elementor-container elementor-column-gap-default\">\n\t\t\t\t\t<div class=\"elementor-column elementor-col-100 elementor-top-column elementor-element elementor-element-7e204c3\" data-id=\"7e204c3\" data-element_type=\"column\">\n\t\t\t<div class=\"elementor-widget-wrap elementor-element-populated\">\n\t\t\t\t\t\t<div class=\"elementor-element elementor-element-8893767 elementor-widget elementor-widget-button\" data-id=\"8893767\" data-element_type=\"widget\" data-widget_type=\"button.default\">\n\t\t\t\t<div class=\"elementor-widget-container\">\n\t\t\t\t\t<div class=\"elementor-button-wrapper\">\n\t\t\t<a class=\"elementor-button elementor-button-link elementor-size-sm\" href=\"https:\/\/forms.office.com\/pages\/responsepage.aspx?id=FvJamzTGgEurAgyaPQKQkfyOq-N2PrRCgTY55pePmbJURVlLTEVWTEw3UlQxMFRSUTBHUTVIU0ZRMC4u&#038;route=shorturl\" target=\"_blank\">\n\t\t\t\t\t\t<span class=\"elementor-button-content-wrapper\">\n\t\t\t\t\t\t<span class=\"elementor-button-icon\">\n\t\t\t\t<i aria-hidden=\"true\" class=\"far fa-file-alt\"><\/i>\t\t\t<\/span>\n\t\t\t\t\t\t\t\t\t<span class=\"elementor-button-text\">Obrazac prijave za ponudu<\/span>\n\t\t\t\t\t<\/span>\n\t\t\t\t\t<\/a>\n\t\t<\/div>\n\t\t\t\t<\/div>\n\t\t\t\t<\/div>\n\t\t\t\t\t<\/div>\n\t\t<\/div>\n\t\t\t\t\t<\/div>\n\t\t<\/section>\n\t\t\t\t<\/div>\n\t\t","protected":false},"excerpt":{"rendered":"<p>Regionalni centar kompetentnosti Ru\u0111er Bo\u0161kovi\u0107 Vau\u010deri za obrazovanje Linkedin-in Twitter Facebook-f Google-plus-g Medium \u0160to su vau\u010deri za obrazovanje? Vau\u010der predstavlja financijski instrument dodjele javnih sredstava za obrazovanje odraslih. Korisnik sam bira obrazovni program i pru\u017eatelja obrazovanja.Tro\u0161ak programa obrazovanja u iznosu odobrenog vau\u010dera ispla\u0107uje se izravno odabranom pru\u017eatelju usluge obrazovanja.Programi obrazovanja za stjecanje kompetencija potrebnih za [&hellip;]<\/p>\n","protected":false},"author":1,"featured_media":0,"parent":0,"menu_order":0,"comment_status":"closed","ping_status":"closed","template":"elementor_header_footer","meta":{"footnotes":""},"class_list":["post-1186","page","type-page","status-publish","hentry","no-thumb"],"_links":{"self":[{"href":"https:\/\/rckrb.hr\/new2\/wp-json\/wp\/v2\/pages\/1186","targetHints":{"allow":["GET"]}}],"collection":[{"href":"https:\/\/rckrb.hr\/new2\/wp-json\/wp\/v2\/pages"}],"about":[{"href":"https:\/\/rckrb.hr\/new2\/wp-json\/wp\/v2\/types\/page"}],"author":[{"embeddable":true,"href":"https:\/\/rckrb.hr\/new2\/wp-json\/wp\/v2\/users\/1"}],"replies":[{"embeddable":true,"href":"https:\/\/rckrb.hr\/new2\/wp-json\/wp\/v2\/comments?post=1186"}],"version-history":[{"count":20,"href":"https:\/\/rckrb.hr\/new2\/wp-json\/wp\/v2\/pages\/1186\/revisions"}],"predecessor-version":[{"id":1599,"href":"https:\/\/rckrb.hr\/new2\/wp-json\/wp\/v2\/pages\/1186\/revisions\/1599"}],"wp:attachment":[{"href":"https:\/\/rckrb.hr\/new2\/wp-json\/wp\/v2\/media?parent=1186"}],"curies":[{"name":"wp","href":"https:\/\/api.w.org\/{rel}","templated":true}]}}