{"id":1204,"date":"2025-11-21T10:56:57","date_gmt":"2025-11-21T10:56:57","guid":{"rendered":"https:\/\/rckrb.hr\/new2\/?page_id=1204"},"modified":"2026-04-03T13:58:10","modified_gmt":"2026-04-03T13:58:10","slug":"mikrokvalifikacije","status":"publish","type":"page","link":"https:\/\/rckrb.hr\/new2\/mikrokvalifikacije\/","title":{"rendered":"Mikrokvalifikacije"},"content":{"rendered":"\t\t<div data-elementor-type=\"wp-page\" data-elementor-id=\"1204\" class=\"elementor elementor-1204\">\n\t\t\t\t\t\t<section class=\"elementor-section elementor-top-section elementor-element elementor-element-654ca20 elementor-section-boxed elementor-section-height-default elementor-section-height-default\" data-id=\"654ca20\" data-element_type=\"section\" data-settings=\"{&quot;jet_parallax_layout_list&quot;:[]}\">\n\t\t\t\t\t\t<div class=\"elementor-container elementor-column-gap-default\">\n\t\t\t\t\t<div class=\"elementor-column elementor-col-100 elementor-top-column elementor-element elementor-element-3c4849d\" data-id=\"3c4849d\" data-element_type=\"column\">\n\t\t\t<div class=\"elementor-widget-wrap elementor-element-populated\">\n\t\t\t\t\t\t<section class=\"elementor-section elementor-inner-section elementor-element elementor-element-f025895 elementor-section-content-top elementor-reverse-mobile elementor-section-full_width elementor-section-height-default elementor-section-height-default\" data-id=\"f025895\" data-element_type=\"section\" data-settings=\"{&quot;jet_parallax_layout_list&quot;:[{&quot;_id&quot;:&quot;90b934f&quot;,&quot;jet_parallax_layout_image&quot;:{&quot;url&quot;:&quot;&quot;,&quot;id&quot;:&quot;&quot;,&quot;size&quot;:&quot;&quot;},&quot;jet_parallax_layout_image_tablet&quot;:{&quot;url&quot;:&quot;&quot;,&quot;id&quot;:&quot;&quot;,&quot;size&quot;:&quot;&quot;},&quot;jet_parallax_layout_image_mobile&quot;:{&quot;url&quot;:&quot;&quot;,&quot;id&quot;:&quot;&quot;,&quot;size&quot;:&quot;&quot;},&quot;jet_parallax_layout_speed&quot;:{&quot;unit&quot;:&quot;%&quot;,&quot;size&quot;:50,&quot;sizes&quot;:[]},&quot;jet_parallax_layout_type&quot;:&quot;scroll&quot;,&quot;jet_parallax_layout_direction&quot;:null,&quot;jet_parallax_layout_fx_direction&quot;:null,&quot;jet_parallax_layout_z_index&quot;:&quot;&quot;,&quot;jet_parallax_layout_bg_x&quot;:50,&quot;jet_parallax_layout_bg_x_tablet&quot;:&quot;&quot;,&quot;jet_parallax_layout_bg_x_mobile&quot;:&quot;&quot;,&quot;jet_parallax_layout_bg_y&quot;:50,&quot;jet_parallax_layout_bg_y_tablet&quot;:&quot;&quot;,&quot;jet_parallax_layout_bg_y_mobile&quot;:&quot;&quot;,&quot;jet_parallax_layout_bg_size&quot;:&quot;auto&quot;,&quot;jet_parallax_layout_bg_size_tablet&quot;:&quot;&quot;,&quot;jet_parallax_layout_bg_size_mobile&quot;:&quot;&quot;,&quot;jet_parallax_layout_animation_prop&quot;:&quot;transform&quot;,&quot;jet_parallax_layout_on&quot;:[&quot;desktop&quot;,&quot;tablet&quot;]}]}\">\n\t\t\t\t\t\t<div class=\"elementor-container elementor-column-gap-default\">\n\t\t\t\t\t<div class=\"elementor-column elementor-col-50 elementor-inner-column elementor-element elementor-element-006a699\" data-id=\"006a699\" data-element_type=\"column\">\n\t\t\t<div class=\"elementor-widget-wrap elementor-element-populated\">\n\t\t\t\t\t\t<div class=\"elementor-element elementor-element-245a2fa elementor-widget elementor-widget-heading\" data-id=\"245a2fa\" data-element_type=\"widget\" data-widget_type=\"heading.default\">\n\t\t\t\t<div class=\"elementor-widget-container\">\n\t\t\t<h1 class=\"elementor-heading-title elementor-size-default\">Regionalni centar kompetentnosti Ru\u0111er Bo\u0161kovi\u0107<\/h1>\t\t<\/div>\n\t\t\t\t<\/div>\n\t\t\t\t<div class=\"elementor-element elementor-element-c18321c elementor-widget elementor-widget-jet-headline\" data-id=\"c18321c\" data-element_type=\"widget\" data-widget_type=\"jet-headline.default\">\n\t\t\t\t<div class=\"elementor-widget-container\">\n\t\t\t<h2 class=\"jet-headline jet-headline--direction-horizontal\"><span class=\"jet-headline__part jet-headline__second\"><span class=\"jet-headline__label\">Mikrokvalifikacije<\/span><\/span><\/h2>\t\t<\/div>\n\t\t\t\t<\/div>\n\t\t\t\t<div class=\"elementor-element elementor-element-0323f5c elementor-widget-divider--view-line elementor-widget elementor-widget-divider\" data-id=\"0323f5c\" data-element_type=\"widget\" data-widget_type=\"divider.default\">\n\t\t\t\t<div class=\"elementor-widget-container\">\n\t\t\t\t\t<div class=\"elementor-divider\">\n\t\t\t<span class=\"elementor-divider-separator\">\n\t\t\t\t\t\t<\/span>\n\t\t<\/div>\n\t\t\t\t<\/div>\n\t\t\t\t<\/div>\n\t\t\t\t\t<\/div>\n\t\t<\/div>\n\t\t\t\t<div class=\"elementor-column elementor-col-50 elementor-inner-column elementor-element elementor-element-b946a2f\" data-id=\"b946a2f\" data-element_type=\"column\">\n\t\t\t<div class=\"elementor-widget-wrap elementor-element-populated\">\n\t\t\t\t\t\t<div class=\"elementor-element elementor-element-320a091 elementor-shape-circle e-grid-align-right elementor-widget__width-inherit e-grid-align-mobile-left elementor-widget-mobile__width-inherit elementor-grid-0 elementor-widget elementor-widget-social-icons\" data-id=\"320a091\" data-element_type=\"widget\" data-widget_type=\"social-icons.default\">\n\t\t\t\t<div class=\"elementor-widget-container\">\n\t\t\t\t\t<div class=\"elementor-social-icons-wrapper elementor-grid\">\n\t\t\t\t\t\t\t<span class=\"elementor-grid-item\">\n\t\t\t\t\t<a class=\"elementor-icon elementor-social-icon elementor-social-icon-linkedin-in elementor-repeater-item-7914b83\" href=\"#\" target=\"_blank\">\n\t\t\t\t\t\t<span class=\"elementor-screen-only\">Linkedin-in<\/span>\n\t\t\t\t\t\t<i class=\"fab fa-linkedin-in\"><\/i>\t\t\t\t\t<\/a>\n\t\t\t\t<\/span>\n\t\t\t\t\t\t\t<span class=\"elementor-grid-item\">\n\t\t\t\t\t<a class=\"elementor-icon elementor-social-icon elementor-social-icon-twitter elementor-repeater-item-1faa3c0\" href=\"#\" target=\"_blank\">\n\t\t\t\t\t\t<span class=\"elementor-screen-only\">Twitter<\/span>\n\t\t\t\t\t\t<i class=\"fab fa-twitter\"><\/i>\t\t\t\t\t<\/a>\n\t\t\t\t<\/span>\n\t\t\t\t\t\t\t<span class=\"elementor-grid-item\">\n\t\t\t\t\t<a class=\"elementor-icon elementor-social-icon elementor-social-icon-facebook-f elementor-repeater-item-f423952\" href=\"#\" target=\"_blank\">\n\t\t\t\t\t\t<span class=\"elementor-screen-only\">Facebook-f<\/span>\n\t\t\t\t\t\t<i class=\"fab fa-facebook-f\"><\/i>\t\t\t\t\t<\/a>\n\t\t\t\t<\/span>\n\t\t\t\t\t\t\t<span class=\"elementor-grid-item\">\n\t\t\t\t\t<a class=\"elementor-icon elementor-social-icon elementor-social-icon-google-plus-g elementor-repeater-item-9cdb1ad\" href=\"#\" target=\"_blank\">\n\t\t\t\t\t\t<span class=\"elementor-screen-only\">Google-plus-g<\/span>\n\t\t\t\t\t\t<i class=\"fab fa-google-plus-g\"><\/i>\t\t\t\t\t<\/a>\n\t\t\t\t<\/span>\n\t\t\t\t\t\t\t<span class=\"elementor-grid-item\">\n\t\t\t\t\t<a class=\"elementor-icon elementor-social-icon elementor-social-icon-medium elementor-repeater-item-ba0c34a\" href=\"#\" target=\"_blank\">\n\t\t\t\t\t\t<span class=\"elementor-screen-only\">Medium<\/span>\n\t\t\t\t\t\t<i class=\"fab fa-medium\"><\/i>\t\t\t\t\t<\/a>\n\t\t\t\t<\/span>\n\t\t\t\t\t<\/div>\n\t\t\t\t<\/div>\n\t\t\t\t<\/div>\n\t\t\t\t\t<\/div>\n\t\t<\/div>\n\t\t\t\t\t<\/div>\n\t\t<\/section>\n\t\t\t\t<div class=\"elementor-element elementor-element-3ff1610 elementor-widget elementor-widget-jet-posts\" data-id=\"3ff1610\" data-element_type=\"widget\" data-settings=\"{&quot;columns&quot;:&quot;2&quot;,&quot;slides_to_scroll&quot;:&quot;1&quot;}\" data-widget_type=\"jet-posts.default\">\n\t\t\t\t<div class=\"elementor-widget-container\">\n\t\t\t<div class=\"elementor-jet-posts jet-elements\"><div class=\"jet-posts col-row  jet-equal-cols\"><div class=\"jet-posts__item\">\n\t<div class=\"jet-posts__inner-box\"><div class=\"post-thumbnail\"><a href=\"https:\/\/rckrb.hr\/new2\/programiranje-hmi-i-scada-sucelja\/\" class=\"post-thumbnail__link\"><img loading=\"lazy\" decoding=\"async\" class=\"post-thumbnail__img wp-post-image\" src=\"https:\/\/rckrb.hr\/new2\/wp-content\/uploads\/2025\/12\/mikrokvalifikacije-hmi-scada-thmb-768x432.webp\" alt=\"Programiranje HMI i SCADA su\u010delja\" loading=\"lazy\" width=\"768\" height=\"432\"><\/a><\/div><div class=\"jet-posts__inner-content\"><h4 class=\"entry-title\"><a href=\"https:\/\/rckrb.hr\/new2\/programiranje-hmi-i-scada-sucelja\/\">Programiranje HMI i SCADA su\u010delja<\/a><\/h4><div class=\"entry-excerpt\">Upi\u0161ite se u program obrazovanja za stjecanje mikrokvalifikacije \u201eProgramiranje HMI i SCADA su\u010delja\u201c u RCK Ru\u0111era Bo\u0161kovi\u0107a! \u017delite li postati stru\u010dnjak za razvoj suvremenih industrijskih su\u010delja i biti tra\u017een na&hellip;<\/div><div class=\"jet-more-wrap\"><a href=\"https:\/\/rckrb.hr\/new2\/programiranje-hmi-i-scada-sucelja\/\" class=\"btn btn-primary elementor-button elementor-size-md jet-more\"><span class=\"btn__text\">Vi\u0161e o programu<\/span><\/a><\/div><\/div><\/div>\n<\/div>\n<div class=\"jet-posts__item\">\n\t<div class=\"jet-posts__inner-box\"><div class=\"post-thumbnail\"><a href=\"https:\/\/rckrb.hr\/new2\/programiranje-robota-u-digitalnim-proizvodnim-sustavima\/\" class=\"post-thumbnail__link\"><img loading=\"lazy\" decoding=\"async\" class=\"post-thumbnail__img wp-post-image\" src=\"https:\/\/rckrb.hr\/new2\/wp-content\/uploads\/2025\/12\/mikrokvalifikacije-roboti-03-e1764684529473-768x432.webp\" alt=\"Programiranje robota u digitalnim proizvodnim sustavima\" loading=\"lazy\" width=\"768\" height=\"432\"><\/a><\/div><div class=\"jet-posts__inner-content\"><h4 class=\"entry-title\"><a href=\"https:\/\/rckrb.hr\/new2\/programiranje-robota-u-digitalnim-proizvodnim-sustavima\/\">Programiranje robota u digitalnim proizvodnim sustavima<\/a><\/h4><div class=\"entry-excerpt\">\u017delite li sudjelovati u oblikovanju proizvodnje budu\u0107nosti? Odaberite mikrokvalifikaciju programiranje robota u digitalnim proizvodnim sustavima i steknite tra\u017eene vje\u0161tine za rad u najmodernijim industrijskim okru\u017eenjima!<\/div><div class=\"jet-more-wrap\"><a href=\"https:\/\/rckrb.hr\/new2\/programiranje-robota-u-digitalnim-proizvodnim-sustavima\/\" class=\"btn btn-primary elementor-button elementor-size-md jet-more\"><span class=\"btn__text\">Vi\u0161e o programu<\/span><\/a><\/div><\/div><\/div>\n<\/div>\n<div class=\"jet-posts__item\">\n\t<div class=\"jet-posts__inner-box\"><div class=\"post-thumbnail\"><a href=\"https:\/\/rckrb.hr\/new2\/programiranje-mikroupravljaca-u-digitalnim-proizvodnim-sustavima\/\" class=\"post-thumbnail__link\"><img loading=\"lazy\" decoding=\"async\" class=\"post-thumbnail__img wp-post-image\" src=\"https:\/\/rckrb.hr\/new2\/wp-content\/uploads\/2025\/12\/mikrokvalifikacije-mikup-03-e1764686255863-768x433.webp\" alt=\"Programiranje mikroupravlja\u010da u digitalnim proizvodnim sustavima\" loading=\"lazy\" width=\"768\" height=\"433\"><\/a><\/div><div class=\"jet-posts__inner-content\"><h4 class=\"entry-title\"><a href=\"https:\/\/rckrb.hr\/new2\/programiranje-mikroupravljaca-u-digitalnim-proizvodnim-sustavima\/\">Programiranje mikroupravlja\u010da u digitalnim proizvodnim sustavima<\/a><\/h4><div class=\"entry-excerpt\">Postanite tra\u017eeni stru\u010dnjak budu\u0107nosti! Upi\u0161ite program obrazovanja za stjecanje mikrokvalifikacije programiranje mikroupravlja\u010da u digitalnim proizvodnim sustavima u Regionalnom centru kompetentnosti Ru\u0111era Bo\u0161kovi\u0107a i zakora\u010dite u svijet Industrije 4.0.<\/div><div class=\"jet-more-wrap\"><a href=\"https:\/\/rckrb.hr\/new2\/programiranje-mikroupravljaca-u-digitalnim-proizvodnim-sustavima\/\" class=\"btn btn-primary elementor-button elementor-size-md jet-more\"><span class=\"btn__text\">Vi\u0161e o programu<\/span><\/a><\/div><\/div><\/div>\n<\/div>\n<div class=\"jet-posts__item\">\n\t<div class=\"jet-posts__inner-box\"><div class=\"post-thumbnail\"><a href=\"https:\/\/rckrb.hr\/new2\/sigurnost-informacijskih-sustava\/\" class=\"post-thumbnail__link\"><img loading=\"lazy\" decoding=\"async\" class=\"post-thumbnail__img wp-post-image\" src=\"https:\/\/rckrb.hr\/new2\/wp-content\/uploads\/2025\/11\/mikrokvalifikacije_sigurnost_01-e1762774837148-768x432.webp\" alt=\"Sigurnost informacijskih sustava\" loading=\"lazy\" width=\"768\" height=\"432\"><\/a><\/div><div class=\"jet-posts__inner-content\"><h4 class=\"entry-title\"><a href=\"https:\/\/rckrb.hr\/new2\/sigurnost-informacijskih-sustava\/\">Sigurnost informacijskih sustava<\/a><\/h4><div class=\"entry-excerpt\">Pridru\u017eite se i upi\u0161ite Program obrazovanja za stjecanje mikrokvalifikacije montiranje fotonaponskih sustava. Otkrijte svoj potencijal u obnovljivim izvorima i fotonaponskim sustavima uz stru\u010dnu obuku, vrhunsku opremu i predava\u010de u Regionalnom&hellip;<\/div><div class=\"jet-more-wrap\"><a href=\"https:\/\/rckrb.hr\/new2\/sigurnost-informacijskih-sustava\/\" class=\"btn btn-primary elementor-button elementor-size-md jet-more\"><span class=\"btn__text\">Vi\u0161e o programu<\/span><\/a><\/div><\/div><\/div>\n<\/div>\n<div class=\"jet-posts__item\">\n\t<div class=\"jet-posts__inner-box\"><div class=\"post-thumbnail\"><a href=\"https:\/\/rckrb.hr\/new2\/programiranje-programabilnog-logickog-kontrolera-plc-a\/\" class=\"post-thumbnail__link\"><img loading=\"lazy\" decoding=\"async\" class=\"post-thumbnail__img wp-post-image\" src=\"https:\/\/rckrb.hr\/new2\/wp-content\/uploads\/2025\/11\/mikrokvalifikacije_programiranje_02-e1763985090465-768x432.webp\" alt=\"Programiranje programabilnog logi\u010dkog kontrolera \u2013 PLC-a\" loading=\"lazy\" width=\"768\" height=\"432\"><\/a><\/div><div class=\"jet-posts__inner-content\"><h4 class=\"entry-title\"><a href=\"https:\/\/rckrb.hr\/new2\/programiranje-programabilnog-logickog-kontrolera-plc-a\/\">Programiranje programabilnog logi\u010dkog kontrolera \u2013 PLC-a<\/a><\/h4><div class=\"entry-excerpt\">Pridru\u017eite se i upi\u0161ite Program obrazovanja za stjecanje mikrokvalifikacije montiranje fotonaponskih sustava. Otkrijte svoj potencijal u obnovljivim izvorima i fotonaponskim sustavima uz stru\u010dnu obuku, vrhunsku opremu i predava\u010de u Regionalnom&hellip;<\/div><div class=\"jet-more-wrap\"><a href=\"https:\/\/rckrb.hr\/new2\/programiranje-programabilnog-logickog-kontrolera-plc-a\/\" class=\"btn btn-primary elementor-button elementor-size-md jet-more\"><span class=\"btn__text\">Vi\u0161e o programu<\/span><\/a><\/div><\/div><\/div>\n<\/div>\n<div class=\"jet-posts__item\">\n\t<div class=\"jet-posts__inner-box\"><div class=\"post-thumbnail\"><a href=\"https:\/\/rckrb.hr\/new2\/podesavanje-frekvencijskih-pretvaraca\/\" class=\"post-thumbnail__link\"><img loading=\"lazy\" decoding=\"async\" class=\"post-thumbnail__img wp-post-image\" src=\"https:\/\/rckrb.hr\/new2\/wp-content\/uploads\/2025\/11\/mikrokvalifikacije_podesavanje_frekvencijskih_pretvaraca_02-e1762952057993-768x432.webp\" alt=\"Pode\u0161avanje frekvencijskih pretvara\u010da\" loading=\"lazy\" width=\"768\" height=\"432\"><\/a><\/div><div class=\"jet-posts__inner-content\"><h4 class=\"entry-title\"><a href=\"https:\/\/rckrb.hr\/new2\/podesavanje-frekvencijskih-pretvaraca\/\">Pode\u0161avanje frekvencijskih pretvara\u010da<\/a><\/h4><div class=\"entry-excerpt\">Pridru\u017eite se i upi\u0161ite Program obrazovanja za stjecanje mikrokvalifikacije montiranje fotonaponskih sustava. Otkrijte svoj potencijal u obnovljivim izvorima i fotonaponskim sustavima uz stru\u010dnu obuku, vrhunsku opremu i predava\u010de u Regionalnom&hellip;<\/div><div class=\"jet-more-wrap\"><a href=\"https:\/\/rckrb.hr\/new2\/podesavanje-frekvencijskih-pretvaraca\/\" class=\"btn btn-primary elementor-button elementor-size-md jet-more\"><span class=\"btn__text\">Vi\u0161e o programu<\/span><\/a><\/div><\/div><\/div>\n<\/div>\n<div class=\"jet-posts__item\">\n\t<div class=\"jet-posts__inner-box\"><div class=\"post-thumbnail\"><a href=\"https:\/\/rckrb.hr\/new2\/odrzavanje-pneumatskih-i-hidraulickih-sustava\/\" class=\"post-thumbnail__link\"><img loading=\"lazy\" decoding=\"async\" class=\"post-thumbnail__img wp-post-image\" src=\"https:\/\/rckrb.hr\/new2\/wp-content\/uploads\/2025\/11\/mikrokvalifikacije_pneumatika_hidraulika_01-e1763983912749-768x432.webp\" alt=\"Odr\u017eavanje pneumatskih i hidrauli\u010dkih sustava\" loading=\"lazy\" width=\"768\" height=\"432\"><\/a><\/div><div class=\"jet-posts__inner-content\"><h4 class=\"entry-title\"><a href=\"https:\/\/rckrb.hr\/new2\/odrzavanje-pneumatskih-i-hidraulickih-sustava\/\">Odr\u017eavanje pneumatskih i hidrauli\u010dkih sustava<\/a><\/h4><div class=\"entry-excerpt\">Pridru\u017eite se i upi\u0161ite Program obrazovanja za stjecanje mikrokvalifikacije montiranje fotonaponskih sustava. Otkrijte svoj potencijal u obnovljivim izvorima i fotonaponskim sustavima uz stru\u010dnu obuku, vrhunsku opremu i predava\u010de u Regionalnom&hellip;<\/div><div class=\"jet-more-wrap\"><a href=\"https:\/\/rckrb.hr\/new2\/odrzavanje-pneumatskih-i-hidraulickih-sustava\/\" class=\"btn btn-primary elementor-button elementor-size-md jet-more\"><span class=\"btn__text\">Vi\u0161e o programu<\/span><\/a><\/div><\/div><\/div>\n<\/div>\n<div class=\"jet-posts__item\">\n\t<div class=\"jet-posts__inner-box\"><div class=\"post-thumbnail\"><a href=\"https:\/\/rckrb.hr\/new2\/odrzavanje-energetske-elektronike-za-obnovljive-izvore-energije\/\" class=\"post-thumbnail__link\"><img loading=\"lazy\" decoding=\"async\" class=\"post-thumbnail__img wp-post-image\" src=\"https:\/\/rckrb.hr\/new2\/wp-content\/uploads\/2025\/11\/mikrokvalifikacije_obnovljivi-e1763033208855-768x433.webp\" alt=\"Odr\u017eavanje energetske elektronike za obnovljive izvore energije\" loading=\"lazy\" width=\"768\" height=\"433\"><\/a><\/div><div class=\"jet-posts__inner-content\"><h4 class=\"entry-title\"><a href=\"https:\/\/rckrb.hr\/new2\/odrzavanje-energetske-elektronike-za-obnovljive-izvore-energije\/\">Odr\u017eavanje energetske elektronike za obnovljive izvore energije<\/a><\/h4><div class=\"entry-excerpt\">Pridru\u017eite se i upi\u0161ite Program obrazovanja za stjecanje mikrokvalifikacije montiranje fotonaponskih sustava. Otkrijte svoj potencijal u obnovljivim izvorima i fotonaponskim sustavima uz stru\u010dnu obuku, vrhunsku opremu i predava\u010de u Regionalnom&hellip;<\/div><div class=\"jet-more-wrap\"><a href=\"https:\/\/rckrb.hr\/new2\/odrzavanje-energetske-elektronike-za-obnovljive-izvore-energije\/\" class=\"btn btn-primary elementor-button elementor-size-md jet-more\"><span class=\"btn__text\">Vi\u0161e o programu<\/span><\/a><\/div><\/div><\/div>\n<\/div>\n<div class=\"jet-posts__item\">\n\t<div class=\"jet-posts__inner-box\"><div class=\"post-thumbnail\"><a href=\"https:\/\/rckrb.hr\/new2\/odrzavanje-elektricnih-strojeva-i-uredaja\/\" class=\"post-thumbnail__link\"><img loading=\"lazy\" decoding=\"async\" class=\"post-thumbnail__img wp-post-image\" src=\"https:\/\/rckrb.hr\/new2\/wp-content\/uploads\/2025\/11\/mikrokvalifikacije_podesavanje_frekvencijskih_pretvaraca_01-e1763980554293-768x432.webp\" alt=\"Odr\u017eavanje elektri\u010dnih strojeva i ure\u0111aja\" loading=\"lazy\" width=\"768\" height=\"432\"><\/a><\/div><div class=\"jet-posts__inner-content\"><h4 class=\"entry-title\"><a href=\"https:\/\/rckrb.hr\/new2\/odrzavanje-elektricnih-strojeva-i-uredaja\/\">Odr\u017eavanje elektri\u010dnih strojeva i ure\u0111aja<\/a><\/h4><div class=\"entry-excerpt\">Pridru\u017eite se i upi\u0161ite Program obrazovanja za stjecanje mikrokvalifikacije montiranje fotonaponskih sustava. Otkrijte svoj potencijal u obnovljivim izvorima i fotonaponskim sustavima uz stru\u010dnu obuku, vrhunsku opremu i predava\u010de u Regionalnom&hellip;<\/div><div class=\"jet-more-wrap\"><a href=\"https:\/\/rckrb.hr\/new2\/odrzavanje-elektricnih-strojeva-i-uredaja\/\" class=\"btn btn-primary elementor-button elementor-size-md jet-more\"><span class=\"btn__text\">Vi\u0161e o programu<\/span><\/a><\/div><\/div><\/div>\n<\/div>\n<div class=\"jet-posts__item\">\n\t<div class=\"jet-posts__inner-box\"><div class=\"post-thumbnail\"><a href=\"https:\/\/rckrb.hr\/new2\/montiranje-fotonaponskih-sustava\/\" class=\"post-thumbnail__link\"><img loading=\"lazy\" decoding=\"async\" class=\"post-thumbnail__img wp-post-image\" src=\"https:\/\/rckrb.hr\/new2\/wp-content\/uploads\/2025\/11\/mikrokvalifikacije_fotonaponi_01-e1763730564291-768x433.webp\" alt=\"Montiranje fotonaponskih sustava\" loading=\"lazy\" width=\"768\" height=\"433\"><\/a><\/div><div class=\"jet-posts__inner-content\"><h4 class=\"entry-title\"><a href=\"https:\/\/rckrb.hr\/new2\/montiranje-fotonaponskih-sustava\/\">Montiranje fotonaponskih sustava<\/a><\/h4><div class=\"entry-excerpt\">Pridru\u017eite se i upi\u0161ite Program obrazovanja za stjecanje mikrokvalifikacije montiranje fotonaponskih sustava. Otkrijte svoj potencijal u obnovljivim izvorima i fotonaponskim sustavima uz stru\u010dnu obuku, vrhunsku opremu i predava\u010de u Regionalnom&hellip;<\/div><div class=\"jet-more-wrap\"><a href=\"https:\/\/rckrb.hr\/new2\/montiranje-fotonaponskih-sustava\/\" class=\"btn btn-primary elementor-button elementor-size-md jet-more\"><span class=\"btn__text\">Vi\u0161e o programu<\/span><\/a><\/div><\/div><\/div>\n<\/div>\n<div class=\"jet-posts__item\">\n\t<div class=\"jet-posts__inner-box\"><div class=\"post-thumbnail\"><a href=\"https:\/\/rckrb.hr\/new2\/instaliranje-i-konfiguriranje-racunalnih-mreza\/\" class=\"post-thumbnail__link\"><img loading=\"lazy\" decoding=\"async\" class=\"post-thumbnail__img wp-post-image\" src=\"https:\/\/rckrb.hr\/new2\/wp-content\/uploads\/2025\/11\/mikrokvalifikacije_mreze01-768x444.webp\" alt=\"Instaliranje i konfiguriranje ra\u010dunalnih mre\u017ea\" loading=\"lazy\" width=\"768\" height=\"444\"><\/a><\/div><div class=\"jet-posts__inner-content\"><h4 class=\"entry-title\"><a href=\"https:\/\/rckrb.hr\/new2\/instaliranje-i-konfiguriranje-racunalnih-mreza\/\">Instaliranje i konfiguriranje ra\u010dunalnih mre\u017ea<\/a><\/h4><div class=\"entry-excerpt\">Pridru\u017eite se i upi\u0161ite Program obrazovanja za stjecanje mikrokvalifikacije instaliranje i konfiguriranje ra\u010dunalnih mre\u017ea. Otkrijte svijet mre\u017enih tehnologija i informati\u010dke infrastrukture uz stru\u010dne mentore, vrhunsku opremu i suvremene laboratorije Regionalnog&hellip;<\/div><div class=\"jet-more-wrap\"><a href=\"https:\/\/rckrb.hr\/new2\/instaliranje-i-konfiguriranje-racunalnih-mreza\/\" class=\"btn btn-primary elementor-button elementor-size-md jet-more\"><span class=\"btn__text\">Vi\u0161e o programu<\/span><\/a><\/div><\/div><\/div>\n<\/div>\n<\/div>\n<\/div>\t\t<\/div>\n\t\t\t\t<\/div>\n\t\t\t\t\t<\/div>\n\t\t<\/div>\n\t\t\t\t\t<\/div>\n\t\t<\/section>\n\t\t\t\t<section class=\"elementor-section elementor-top-section elementor-element elementor-element-73e38e6 elementor-section-boxed elementor-section-height-default elementor-section-height-default\" data-id=\"73e38e6\" data-element_type=\"section\" data-settings=\"{&quot;jet_parallax_layout_list&quot;:[]}\">\n\t\t\t\t\t\t<div class=\"elementor-container elementor-column-gap-default\">\n\t\t\t\t\t<div class=\"elementor-column elementor-col-100 elementor-top-column elementor-element elementor-element-55fdef7\" data-id=\"55fdef7\" data-element_type=\"column\">\n\t\t\t<div class=\"elementor-widget-wrap\">\n\t\t\t\t\t\t\t<\/div>\n\t\t<\/div>\n\t\t\t\t\t<\/div>\n\t\t<\/section>\n\t\t\t\t<\/div>\n\t\t","protected":false},"excerpt":{"rendered":"<p>Regionalni centar kompetentnosti Ru\u0111er Bo\u0161kovi\u0107 Mikrokvalifikacije Linkedin-in Twitter Facebook-f Google-plus-g Medium Programiranje HMI i SCADA su\u010delja Upi\u0161ite se u program obrazovanja za stjecanje mikrokvalifikacije \u201eProgramiranje HMI i SCADA su\u010delja\u201c u RCK Ru\u0111era Bo\u0161kovi\u0107a! \u017delite li postati stru\u010dnjak za razvoj suvremenih industrijskih su\u010delja i biti tra\u017een na&hellip;Vi\u0161e o programu Programiranje robota u digitalnim proizvodnim sustavima \u017delite [&hellip;]<\/p>\n","protected":false},"author":1,"featured_media":0,"parent":0,"menu_order":0,"comment_status":"closed","ping_status":"closed","template":"elementor_header_footer","meta":{"footnotes":""},"class_list":["post-1204","page","type-page","status-publish","hentry","has-thumb"],"_links":{"self":[{"href":"https:\/\/rckrb.hr\/new2\/wp-json\/wp\/v2\/pages\/1204","targetHints":{"allow":["GET"]}}],"collection":[{"href":"https:\/\/rckrb.hr\/new2\/wp-json\/wp\/v2\/pages"}],"about":[{"href":"https:\/\/rckrb.hr\/new2\/wp-json\/wp\/v2\/types\/page"}],"author":[{"embeddable":true,"href":"https:\/\/rckrb.hr\/new2\/wp-json\/wp\/v2\/users\/1"}],"replies":[{"embeddable":true,"href":"https:\/\/rckrb.hr\/new2\/wp-json\/wp\/v2\/comments?post=1204"}],"version-history":[{"count":32,"href":"https:\/\/rckrb.hr\/new2\/wp-json\/wp\/v2\/pages\/1204\/revisions"}],"predecessor-version":[{"id":1739,"href":"https:\/\/rckrb.hr\/new2\/wp-json\/wp\/v2\/pages\/1204\/revisions\/1739"}],"wp:attachment":[{"href":"https:\/\/rckrb.hr\/new2\/wp-json\/wp\/v2\/media?parent=1204"}],"curies":[{"name":"wp","href":"https:\/\/api.w.org\/{rel}","templated":true}]}}